{"id":3168,"date":"2025-03-21T13:48:20","date_gmt":"2025-03-21T16:48:20","guid":{"rendered":"https:\/\/zevitor.com.br\/noticias\/?page_id=3168"},"modified":"2025-03-21T14:16:37","modified_gmt":"2025-03-21T17:16:37","slug":"noticias","status":"publish","type":"page","link":"http:\/\/zevitor.com.br\/noticias\/","title":{"rendered":"Not\u00edcias"},"content":{"rendered":"\t\t<div data-elementor-type=\"wp-page\" data-elementor-id=\"3168\" class=\"elementor elementor-3168\" data-elementor-post-type=\"page\">\n\t\t\t\t<div class=\"elementor-element elementor-element-722ea1a e-flex e-con-boxed e-con e-parent\" data-id=\"722ea1a\" data-element_type=\"container\">\n\t\t\t\t\t<div class=\"e-con-inner\">\n\t\t<div class=\"elementor-element elementor-element-a13d7a2 e-con-full e-flex e-con e-child\" data-id=\"a13d7a2\" data-element_type=\"container\">\n\t\t\t\t<div class=\"elementor-element elementor-element-0fc52d2 elementor-grid-1 elementor-grid-tablet-2 elementor-grid-mobile-1 elementor-posts--thumbnail-top elementor-widget elementor-widget-posts\" data-id=\"0fc52d2\" data-element_type=\"widget\" data-settings=\"{&quot;classic_columns&quot;:&quot;1&quot;,&quot;pagination_type&quot;:&quot;numbers&quot;,&quot;classic_columns_tablet&quot;:&quot;2&quot;,&quot;classic_columns_mobile&quot;:&quot;1&quot;,&quot;classic_row_gap&quot;:{&quot;unit&quot;:&quot;px&quot;,&quot;size&quot;:35,&quot;sizes&quot;:[]},&quot;classic_row_gap_tablet&quot;:{&quot;unit&quot;:&quot;px&quot;,&quot;size&quot;:&quot;&quot;,&quot;sizes&quot;:[]},&quot;classic_row_gap_mobile&quot;:{&quot;unit&quot;:&quot;px&quot;,&quot;size&quot;:&quot;&quot;,&quot;sizes&quot;:[]}}\" data-widget_type=\"posts.classic\">\n\t\t\t\t<div class=\"elementor-widget-container\">\n\t\t\t\t\t\t\t<div class=\"elementor-posts-container elementor-posts elementor-posts--skin-classic elementor-grid\">\n\t\t\t\t<article class=\"elementor-post elementor-grid-item post-3275 post type-post status-publish format-standard has-post-thumbnail hentry category-sem-categoria\">\n\t\t\t\t<a class=\"elementor-post__thumbnail__link\" href=\"http:\/\/zevitor.com.br\/noticias\/2025\/08\/14\/avanca-projeto-do-deputado-ze-vitor-para-ampliar-financiamento-de-pesquisas-agropecuarias-a-lei-paolinelli\/\" tabindex=\"-1\" >\n\t\t\t<div class=\"elementor-post__thumbnail\"><img fetchpriority=\"high\" decoding=\"async\" width=\"800\" height=\"534\" src=\"http:\/\/zevitor.com.br\/noticias\/wp-content\/uploads\/2025\/08\/DEPUTADO-ZE-VITOR-1024x683.jpeg\" class=\"attachment-large size-large wp-image-3276\" alt=\"\" srcset=\"http:\/\/zevitor.com.br\/noticias\/wp-content\/uploads\/2025\/08\/DEPUTADO-ZE-VITOR-1024x683.jpeg 1024w, http:\/\/zevitor.com.br\/noticias\/wp-content\/uploads\/2025\/08\/DEPUTADO-ZE-VITOR-300x200.jpeg 300w, http:\/\/zevitor.com.br\/noticias\/wp-content\/uploads\/2025\/08\/DEPUTADO-ZE-VITOR-768x512.jpeg 768w, http:\/\/zevitor.com.br\/noticias\/wp-content\/uploads\/2025\/08\/DEPUTADO-ZE-VITOR-1536x1024.jpeg 1536w, http:\/\/zevitor.com.br\/noticias\/wp-content\/uploads\/2025\/08\/DEPUTADO-ZE-VITOR-2048x1365.jpeg 2048w\" sizes=\"(max-width: 800px) 100vw, 800px\" \/><\/div>\n\t\t<\/a>\n\t\t\t\t<div class=\"elementor-post__text\">\n\t\t\t\t<h2 class=\"elementor-post__title\">\n\t\t\t<a href=\"http:\/\/zevitor.com.br\/noticias\/2025\/08\/14\/avanca-projeto-do-deputado-ze-vitor-para-ampliar-financiamento-de-pesquisas-agropecuarias-a-lei-paolinelli\/\" >\n\t\t\t\tAvan\u00e7a projeto do Deputado Z\u00e9 Vitor para ampliar financiamento de pesquisas agropecu\u00e1rias: a \u201cLei Paolinelli\u201d\t\t\t<\/a>\n\t\t<\/h2>\n\t\t\t\t<div class=\"elementor-post__meta-data\">\n\t\t\t\t\t<span class=\"elementor-post-date\">\n\t\t\t14 de agosto de 2025\t\t<\/span>\n\t\t\t\t<\/div>\n\t\t\t\t<div class=\"elementor-post__excerpt\">\n\t\t\t<p>Proposta prev\u00ea aporte de recursos de Pessoas F\u00edsicas e Jur\u00eddicas por meio dedu\u00e7\u00e3o dedu\u00e7\u00e3o de Imposto de Renda, nos moldes<\/p>\n\t\t<\/div>\n\t\t\n\t\t<a class=\"elementor-post__read-more\" href=\"http:\/\/zevitor.com.br\/noticias\/2025\/08\/14\/avanca-projeto-do-deputado-ze-vitor-para-ampliar-financiamento-de-pesquisas-agropecuarias-a-lei-paolinelli\/\" aria-label=\"Read more about Avan\u00e7a projeto do Deputado Z\u00e9 Vitor para ampliar financiamento de pesquisas agropecu\u00e1rias: a \u201cLei Paolinelli\u201d\" tabindex=\"-1\" >\n\t\t\tVeja Mais\t\t<\/a>\n\n\t\t\t\t<\/div>\n\t\t\t\t<\/article>\n\t\t\t\t<article class=\"elementor-post elementor-grid-item post-3267 post type-post status-publish format-standard hentry category-sem-categoria\">\n\t\t\t\t<div class=\"elementor-post__text\">\n\t\t\t\t<h2 class=\"elementor-post__title\">\n\t\t\t<a href=\"http:\/\/zevitor.com.br\/noticias\/2025\/07\/15\/com-relatoria-do-deputado-ze-vitor-novo-licenciamento-ambiental-e-aprovado-pela-camara\/\" >\n\t\t\t\tCom relatoria do deputado Z\u00e9 Vitor, novo licenciamento ambiental \u00e9 aprovado pela C\u00e2mara\t\t\t<\/a>\n\t\t<\/h2>\n\t\t\t\t<div class=\"elementor-post__meta-data\">\n\t\t\t\t\t<span class=\"elementor-post-date\">\n\t\t\t15 de julho de 2025\t\t<\/span>\n\t\t\t\t<\/div>\n\t\t\t\t<div class=\"elementor-post__excerpt\">\n\t\t\t<p>A C\u00e2mara dos Deputados aprovou, na madrugada desta quinta-feira (17), o projeto de lei que estabelece regras gerais de licenciamento<\/p>\n\t\t<\/div>\n\t\t\n\t\t<a class=\"elementor-post__read-more\" href=\"http:\/\/zevitor.com.br\/noticias\/2025\/07\/15\/com-relatoria-do-deputado-ze-vitor-novo-licenciamento-ambiental-e-aprovado-pela-camara\/\" aria-label=\"Read more about Com relatoria do deputado Z\u00e9 Vitor, novo licenciamento ambiental \u00e9 aprovado pela C\u00e2mara\" tabindex=\"-1\" >\n\t\t\tVeja Mais\t\t<\/a>\n\n\t\t\t\t<\/div>\n\t\t\t\t<\/article>\n\t\t\t\t<article class=\"elementor-post elementor-grid-item post-3260 post type-post status-publish format-standard has-post-thumbnail hentry category-sem-categoria\">\n\t\t\t\t<a class=\"elementor-post__thumbnail__link\" href=\"http:\/\/zevitor.com.br\/noticias\/2025\/07\/08\/com-relatoria-do-deputado-ze-vitor-licenciamento-ambiental-recebe-apoio-de-98-entidades-do-setor-produtivo\/\" tabindex=\"-1\" >\n\t\t\t<div class=\"elementor-post__thumbnail\"><img decoding=\"async\" width=\"800\" height=\"534\" src=\"http:\/\/zevitor.com.br\/noticias\/wp-content\/uploads\/2025\/07\/FOTO-7-1024x683.jpg\" class=\"attachment-large size-large wp-image-3261\" alt=\"\" srcset=\"http:\/\/zevitor.com.br\/noticias\/wp-content\/uploads\/2025\/07\/FOTO-7-1024x683.jpg 1024w, http:\/\/zevitor.com.br\/noticias\/wp-content\/uploads\/2025\/07\/FOTO-7-300x200.jpg 300w, http:\/\/zevitor.com.br\/noticias\/wp-content\/uploads\/2025\/07\/FOTO-7-768x512.jpg 768w, http:\/\/zevitor.com.br\/noticias\/wp-content\/uploads\/2025\/07\/FOTO-7-1536x1024.jpg 1536w, http:\/\/zevitor.com.br\/noticias\/wp-content\/uploads\/2025\/07\/FOTO-7.jpg 2047w\" sizes=\"(max-width: 800px) 100vw, 800px\" \/><\/div>\n\t\t<\/a>\n\t\t\t\t<div class=\"elementor-post__text\">\n\t\t\t\t<h2 class=\"elementor-post__title\">\n\t\t\t<a href=\"http:\/\/zevitor.com.br\/noticias\/2025\/07\/08\/com-relatoria-do-deputado-ze-vitor-licenciamento-ambiental-recebe-apoio-de-98-entidades-do-setor-produtivo\/\" >\n\t\t\t\tCom relatoria do deputado Z\u00e9 Vitor, Licenciamento Ambiental recebe apoio de 98 entidades do setor produtivo\t\t\t<\/a>\n\t\t<\/h2>\n\t\t\t\t<div class=\"elementor-post__meta-data\">\n\t\t\t\t\t<span class=\"elementor-post-date\">\n\t\t\t8 de julho de 2025\t\t<\/span>\n\t\t\t\t<\/div>\n\t\t\t\t<div class=\"elementor-post__excerpt\">\n\t\t\t<p>O deputado federal Z\u00e9 Vitor (PL-MG), relator da C\u00e2mara do Projeto de Lei 2.159\/2021, que trata da Lei Geral do<\/p>\n\t\t<\/div>\n\t\t\n\t\t<a class=\"elementor-post__read-more\" href=\"http:\/\/zevitor.com.br\/noticias\/2025\/07\/08\/com-relatoria-do-deputado-ze-vitor-licenciamento-ambiental-recebe-apoio-de-98-entidades-do-setor-produtivo\/\" aria-label=\"Read more about Com relatoria do deputado Z\u00e9 Vitor, Licenciamento Ambiental recebe apoio de 98 entidades do setor produtivo\" tabindex=\"-1\" >\n\t\t\tVeja Mais\t\t<\/a>\n\n\t\t\t\t<\/div>\n\t\t\t\t<\/article>\n\t\t\t\t<article class=\"elementor-post elementor-grid-item post-3257 post type-post status-publish format-standard has-post-thumbnail hentry category-noticias\">\n\t\t\t\t<a class=\"elementor-post__thumbnail__link\" href=\"http:\/\/zevitor.com.br\/noticias\/2025\/07\/03\/projeto-que-garante-caneta-de-adrenalina-autoinjetavel-no-sus-e-aprovado-pela-comissao-de-saude-da-camara\/\" tabindex=\"-1\" >\n\t\t\t<div class=\"elementor-post__thumbnail\"><img decoding=\"async\" width=\"800\" height=\"534\" src=\"http:\/\/zevitor.com.br\/noticias\/wp-content\/uploads\/2025\/07\/IMG_9398-1024x683.jpg\" class=\"attachment-large size-large wp-image-3258\" alt=\"\" srcset=\"http:\/\/zevitor.com.br\/noticias\/wp-content\/uploads\/2025\/07\/IMG_9398-1024x683.jpg 1024w, http:\/\/zevitor.com.br\/noticias\/wp-content\/uploads\/2025\/07\/IMG_9398-300x200.jpg 300w, http:\/\/zevitor.com.br\/noticias\/wp-content\/uploads\/2025\/07\/IMG_9398-768x512.jpg 768w, http:\/\/zevitor.com.br\/noticias\/wp-content\/uploads\/2025\/07\/IMG_9398-1536x1024.jpg 1536w, http:\/\/zevitor.com.br\/noticias\/wp-content\/uploads\/2025\/07\/IMG_9398-2048x1365.jpg 2048w\" sizes=\"(max-width: 800px) 100vw, 800px\" \/><\/div>\n\t\t<\/a>\n\t\t\t\t<div class=\"elementor-post__text\">\n\t\t\t\t<h2 class=\"elementor-post__title\">\n\t\t\t<a href=\"http:\/\/zevitor.com.br\/noticias\/2025\/07\/03\/projeto-que-garante-caneta-de-adrenalina-autoinjetavel-no-sus-e-aprovado-pela-comissao-de-saude-da-camara\/\" >\n\t\t\t\tProjeto que garante caneta de adrenalina autoinjet\u00e1vel no SUS \u00e9 aprovado pela Comiss\u00e3o de Sa\u00fade da C\u00e2mara\t\t\t<\/a>\n\t\t<\/h2>\n\t\t\t\t<div class=\"elementor-post__meta-data\">\n\t\t\t\t\t<span class=\"elementor-post-date\">\n\t\t\t3 de julho de 2025\t\t<\/span>\n\t\t\t\t<\/div>\n\t\t\t\t<div class=\"elementor-post__excerpt\">\n\t\t\t<p>Deputado Z\u00e9 Vitor \u00e9 relator da iniciativa, que visa oferecer socorro imediato para v\u00edtimas de rea\u00e7\u00f5es al\u00e9rgicas A Comiss\u00e3o de<\/p>\n\t\t<\/div>\n\t\t\n\t\t<a class=\"elementor-post__read-more\" href=\"http:\/\/zevitor.com.br\/noticias\/2025\/07\/03\/projeto-que-garante-caneta-de-adrenalina-autoinjetavel-no-sus-e-aprovado-pela-comissao-de-saude-da-camara\/\" aria-label=\"Read more about Projeto que garante caneta de adrenalina autoinjet\u00e1vel no SUS \u00e9 aprovado pela Comiss\u00e3o de Sa\u00fade da C\u00e2mara\" tabindex=\"-1\" >\n\t\t\tVeja Mais\t\t<\/a>\n\n\t\t\t\t<\/div>\n\t\t\t\t<\/article>\n\t\t\t\t<article class=\"elementor-post elementor-grid-item post-3245 post type-post status-publish format-standard has-post-thumbnail hentry category-noticias\">\n\t\t\t\t<a class=\"elementor-post__thumbnail__link\" href=\"http:\/\/zevitor.com.br\/noticias\/2025\/06\/13\/ze-vitor-assume-relatoria-do-novo-licenciamento-ambiental\/\" tabindex=\"-1\" >\n\t\t\t<div class=\"elementor-post__thumbnail\"><img loading=\"lazy\" decoding=\"async\" width=\"800\" height=\"493\" src=\"http:\/\/zevitor.com.br\/noticias\/wp-content\/uploads\/2025\/06\/ZV-1-1024x631.jpg\" class=\"attachment-large size-large wp-image-3246\" alt=\"\" srcset=\"http:\/\/zevitor.com.br\/noticias\/wp-content\/uploads\/2025\/06\/ZV-1-1024x631.jpg 1024w, http:\/\/zevitor.com.br\/noticias\/wp-content\/uploads\/2025\/06\/ZV-1-300x185.jpg 300w, http:\/\/zevitor.com.br\/noticias\/wp-content\/uploads\/2025\/06\/ZV-1-768x473.jpg 768w, http:\/\/zevitor.com.br\/noticias\/wp-content\/uploads\/2025\/06\/ZV-1-1536x947.jpg 1536w, http:\/\/zevitor.com.br\/noticias\/wp-content\/uploads\/2025\/06\/ZV-1.jpg 1984w\" sizes=\"(max-width: 800px) 100vw, 800px\" \/><\/div>\n\t\t<\/a>\n\t\t\t\t<div class=\"elementor-post__text\">\n\t\t\t\t<h2 class=\"elementor-post__title\">\n\t\t\t<a href=\"http:\/\/zevitor.com.br\/noticias\/2025\/06\/13\/ze-vitor-assume-relatoria-do-novo-licenciamento-ambiental\/\" >\n\t\t\t\tZ\u00e9 Vitor assume relatoria do novo Licenciamento Ambiental\t\t\t<\/a>\n\t\t<\/h2>\n\t\t\t\t<div class=\"elementor-post__meta-data\">\n\t\t\t\t\t<span class=\"elementor-post-date\">\n\t\t\t13 de junho de 2025\t\t<\/span>\n\t\t\t\t<\/div>\n\t\t\t\t<div class=\"elementor-post__excerpt\">\n\t\t\t<p>O deputado federal Z\u00e9 Vitor (PL-MG) foi designado relator do projeto que atualiza e moderniza as regras do licenciamento ambiental<\/p>\n\t\t<\/div>\n\t\t\n\t\t<a class=\"elementor-post__read-more\" href=\"http:\/\/zevitor.com.br\/noticias\/2025\/06\/13\/ze-vitor-assume-relatoria-do-novo-licenciamento-ambiental\/\" aria-label=\"Read more about Z\u00e9 Vitor assume relatoria do novo Licenciamento Ambiental\" tabindex=\"-1\" >\n\t\t\tVeja Mais\t\t<\/a>\n\n\t\t\t\t<\/div>\n\t\t\t\t<\/article>\n\t\t\t\t<article class=\"elementor-post elementor-grid-item post-3242 post type-post status-publish format-standard has-post-thumbnail hentry category-noticias\">\n\t\t\t\t<a class=\"elementor-post__thumbnail__link\" href=\"http:\/\/zevitor.com.br\/noticias\/2025\/06\/11\/com-apoio-do-deputado-ze-vitor-ministerio-da-saude-deu-sinal-verde-para-hospital-do-futuro-em-uberaba\/\" tabindex=\"-1\" >\n\t\t\t<div class=\"elementor-post__thumbnail\"><img loading=\"lazy\" decoding=\"async\" width=\"800\" height=\"533\" src=\"http:\/\/zevitor.com.br\/noticias\/wp-content\/uploads\/2025\/06\/FOTO-2-1024x682.jpeg\" class=\"attachment-large size-large wp-image-3243\" alt=\"\" srcset=\"http:\/\/zevitor.com.br\/noticias\/wp-content\/uploads\/2025\/06\/FOTO-2-1024x682.jpeg 1024w, http:\/\/zevitor.com.br\/noticias\/wp-content\/uploads\/2025\/06\/FOTO-2-300x200.jpeg 300w, http:\/\/zevitor.com.br\/noticias\/wp-content\/uploads\/2025\/06\/FOTO-2-768x512.jpeg 768w, http:\/\/zevitor.com.br\/noticias\/wp-content\/uploads\/2025\/06\/FOTO-2-1536x1023.jpeg 1536w, http:\/\/zevitor.com.br\/noticias\/wp-content\/uploads\/2025\/06\/FOTO-2.jpeg 1600w\" sizes=\"(max-width: 800px) 100vw, 800px\" \/><\/div>\n\t\t<\/a>\n\t\t\t\t<div class=\"elementor-post__text\">\n\t\t\t\t<h2 class=\"elementor-post__title\">\n\t\t\t<a href=\"http:\/\/zevitor.com.br\/noticias\/2025\/06\/11\/com-apoio-do-deputado-ze-vitor-ministerio-da-saude-deu-sinal-verde-para-hospital-do-futuro-em-uberaba\/\" >\n\t\t\t\tCom apoio do deputado Z\u00e9 Vitor, Minist\u00e9rio da Sa\u00fade deu sinal verde para Hospital do Futuro em Uberaba\t\t\t<\/a>\n\t\t<\/h2>\n\t\t\t\t<div class=\"elementor-post__meta-data\">\n\t\t\t\t\t<span class=\"elementor-post-date\">\n\t\t\t11 de junho de 2025\t\t<\/span>\n\t\t\t\t<\/div>\n\t\t\t\t<div class=\"elementor-post__excerpt\">\n\t\t\t<p>Na \u00faltima ter\u00e7a-feira (10), o Minist\u00e9rio da Sa\u00fade deu o sinal verde para a constru\u00e7\u00e3o do novo Hospital H\u00e9lio Angotti,<\/p>\n\t\t<\/div>\n\t\t\n\t\t<a class=\"elementor-post__read-more\" href=\"http:\/\/zevitor.com.br\/noticias\/2025\/06\/11\/com-apoio-do-deputado-ze-vitor-ministerio-da-saude-deu-sinal-verde-para-hospital-do-futuro-em-uberaba\/\" aria-label=\"Read more about Com apoio do deputado Z\u00e9 Vitor, Minist\u00e9rio da Sa\u00fade deu sinal verde para Hospital do Futuro em Uberaba\" tabindex=\"-1\" >\n\t\t\tVeja Mais\t\t<\/a>\n\n\t\t\t\t<\/div>\n\t\t\t\t<\/article>\n\t\t\t\t<article class=\"elementor-post elementor-grid-item post-3239 post type-post status-publish format-standard has-post-thumbnail hentry category-noticias\">\n\t\t\t\t<a class=\"elementor-post__thumbnail__link\" href=\"http:\/\/zevitor.com.br\/noticias\/2025\/06\/10\/deputado-ze-vitor-propoe-audiencia-para-discutir-o-papel-da-irrigacao-frente-as-mudancas-climaticas\/\" tabindex=\"-1\" >\n\t\t\t<div class=\"elementor-post__thumbnail\"><img loading=\"lazy\" decoding=\"async\" width=\"800\" height=\"450\" src=\"http:\/\/zevitor.com.br\/noticias\/wp-content\/uploads\/2025\/06\/AUDIENCIA-AGRICULTURA-IRRIGADA-1024x576.jpeg\" class=\"attachment-large size-large wp-image-3240\" alt=\"\" srcset=\"http:\/\/zevitor.com.br\/noticias\/wp-content\/uploads\/2025\/06\/AUDIENCIA-AGRICULTURA-IRRIGADA-1024x576.jpeg 1024w, http:\/\/zevitor.com.br\/noticias\/wp-content\/uploads\/2025\/06\/AUDIENCIA-AGRICULTURA-IRRIGADA-300x169.jpeg 300w, http:\/\/zevitor.com.br\/noticias\/wp-content\/uploads\/2025\/06\/AUDIENCIA-AGRICULTURA-IRRIGADA-768x432.jpeg 768w, http:\/\/zevitor.com.br\/noticias\/wp-content\/uploads\/2025\/06\/AUDIENCIA-AGRICULTURA-IRRIGADA-1536x864.jpeg 1536w, http:\/\/zevitor.com.br\/noticias\/wp-content\/uploads\/2025\/06\/AUDIENCIA-AGRICULTURA-IRRIGADA.jpeg 1600w\" sizes=\"(max-width: 800px) 100vw, 800px\" \/><\/div>\n\t\t<\/a>\n\t\t\t\t<div class=\"elementor-post__text\">\n\t\t\t\t<h2 class=\"elementor-post__title\">\n\t\t\t<a href=\"http:\/\/zevitor.com.br\/noticias\/2025\/06\/10\/deputado-ze-vitor-propoe-audiencia-para-discutir-o-papel-da-irrigacao-frente-as-mudancas-climaticas\/\" >\n\t\t\t\tDeputado Z\u00e9 Vitor prop\u00f5e audi\u00eancia para discutir o papel da irriga\u00e7\u00e3o frente \u00e0s mudan\u00e7as clim\u00e1ticas\t\t\t<\/a>\n\t\t<\/h2>\n\t\t\t\t<div class=\"elementor-post__meta-data\">\n\t\t\t\t\t<span class=\"elementor-post-date\">\n\t\t\t10 de junho de 2025\t\t<\/span>\n\t\t\t\t<\/div>\n\t\t\t\t<div class=\"elementor-post__excerpt\">\n\t\t\t<p>A Comiss\u00e3o de Meio Ambiente e Desenvolvimento Sustent\u00e1vel da C\u00e2mara dos Deputados realizou nesta ter\u00e7a-feira (10) uma audi\u00eancia p\u00fablica para<\/p>\n\t\t<\/div>\n\t\t\n\t\t<a class=\"elementor-post__read-more\" href=\"http:\/\/zevitor.com.br\/noticias\/2025\/06\/10\/deputado-ze-vitor-propoe-audiencia-para-discutir-o-papel-da-irrigacao-frente-as-mudancas-climaticas\/\" aria-label=\"Read more about Deputado Z\u00e9 Vitor prop\u00f5e audi\u00eancia para discutir o papel da irriga\u00e7\u00e3o frente \u00e0s mudan\u00e7as clim\u00e1ticas\" tabindex=\"-1\" >\n\t\t\tVeja Mais\t\t<\/a>\n\n\t\t\t\t<\/div>\n\t\t\t\t<\/article>\n\t\t\t\t<article class=\"elementor-post elementor-grid-item post-3236 post type-post status-publish format-standard has-post-thumbnail hentry category-noticias\">\n\t\t\t\t<a class=\"elementor-post__thumbnail__link\" href=\"http:\/\/zevitor.com.br\/noticias\/2025\/06\/02\/ze-vitor-recebe-titulo-de-cidadao-honorario-de-ituiutaba-e-reforca-compromisso-com-o-desenvolvimento-da-regiao\/\" tabindex=\"-1\" >\n\t\t\t<div class=\"elementor-post__thumbnail\"><img loading=\"lazy\" decoding=\"async\" width=\"800\" height=\"659\" src=\"http:\/\/zevitor.com.br\/noticias\/wp-content\/uploads\/2025\/06\/Foto-Clesio-Braga-Canal-Janela-Aberta-1024x843.jpeg\" class=\"attachment-large size-large wp-image-3237\" alt=\"Foto: Cl\u00e9sio Braga\/ Canal Janela Aberta\" srcset=\"http:\/\/zevitor.com.br\/noticias\/wp-content\/uploads\/2025\/06\/Foto-Clesio-Braga-Canal-Janela-Aberta-1024x843.jpeg 1024w, http:\/\/zevitor.com.br\/noticias\/wp-content\/uploads\/2025\/06\/Foto-Clesio-Braga-Canal-Janela-Aberta-300x247.jpeg 300w, http:\/\/zevitor.com.br\/noticias\/wp-content\/uploads\/2025\/06\/Foto-Clesio-Braga-Canal-Janela-Aberta-768x632.jpeg 768w, http:\/\/zevitor.com.br\/noticias\/wp-content\/uploads\/2025\/06\/Foto-Clesio-Braga-Canal-Janela-Aberta.jpeg 1068w\" sizes=\"(max-width: 800px) 100vw, 800px\" \/><\/div>\n\t\t<\/a>\n\t\t\t\t<div class=\"elementor-post__text\">\n\t\t\t\t<h2 class=\"elementor-post__title\">\n\t\t\t<a href=\"http:\/\/zevitor.com.br\/noticias\/2025\/06\/02\/ze-vitor-recebe-titulo-de-cidadao-honorario-de-ituiutaba-e-reforca-compromisso-com-o-desenvolvimento-da-regiao\/\" >\n\t\t\t\tZ\u00e9 Vitor recebe T\u00edtulo de Cidad\u00e3o Honor\u00e1rio de Ituiutaba e refor\u00e7a compromisso com o desenvolvimento da regi\u00e3o\t\t\t<\/a>\n\t\t<\/h2>\n\t\t\t\t<div class=\"elementor-post__meta-data\">\n\t\t\t\t\t<span class=\"elementor-post-date\">\n\t\t\t2 de junho de 2025\t\t<\/span>\n\t\t\t\t<\/div>\n\t\t\t\t<div class=\"elementor-post__excerpt\">\n\t\t\t<p>Reconhecimento foi entregue em solenidade na C\u00e2mara Municipal pela atua\u00e7\u00e3o do deputado federal em defesa do setor produtivo rural e<\/p>\n\t\t<\/div>\n\t\t\n\t\t<a class=\"elementor-post__read-more\" href=\"http:\/\/zevitor.com.br\/noticias\/2025\/06\/02\/ze-vitor-recebe-titulo-de-cidadao-honorario-de-ituiutaba-e-reforca-compromisso-com-o-desenvolvimento-da-regiao\/\" aria-label=\"Read more about Z\u00e9 Vitor recebe T\u00edtulo de Cidad\u00e3o Honor\u00e1rio de Ituiutaba e refor\u00e7a compromisso com o desenvolvimento da regi\u00e3o\" tabindex=\"-1\" >\n\t\t\tVeja Mais\t\t<\/a>\n\n\t\t\t\t<\/div>\n\t\t\t\t<\/article>\n\t\t\t\t<article class=\"elementor-post elementor-grid-item post-3228 post type-post status-publish format-standard has-post-thumbnail hentry category-noticias\">\n\t\t\t\t<a class=\"elementor-post__thumbnail__link\" href=\"http:\/\/zevitor.com.br\/noticias\/2025\/05\/17\/ze-vitor-participa-de-conferencia-em-ny-que-discute-etanol-e-acucar-no-mercado-global\/\" tabindex=\"-1\" >\n\t\t\t<div class=\"elementor-post__thumbnail\"><img loading=\"lazy\" decoding=\"async\" width=\"642\" height=\"480\" src=\"http:\/\/zevitor.com.br\/noticias\/wp-content\/uploads\/2025\/05\/ZV-EUA.jpeg\" class=\"attachment-large size-large wp-image-3229\" alt=\"\" srcset=\"http:\/\/zevitor.com.br\/noticias\/wp-content\/uploads\/2025\/05\/ZV-EUA.jpeg 642w, http:\/\/zevitor.com.br\/noticias\/wp-content\/uploads\/2025\/05\/ZV-EUA-300x224.jpeg 300w\" sizes=\"(max-width: 642px) 100vw, 642px\" \/><\/div>\n\t\t<\/a>\n\t\t\t\t<div class=\"elementor-post__text\">\n\t\t\t\t<h2 class=\"elementor-post__title\">\n\t\t\t<a href=\"http:\/\/zevitor.com.br\/noticias\/2025\/05\/17\/ze-vitor-participa-de-conferencia-em-ny-que-discute-etanol-e-acucar-no-mercado-global\/\" >\n\t\t\t\tZ\u00e9 Vitor participa de confer\u00eancia em NY que discute etanol e a\u00e7ucar no mercado global\t\t\t<\/a>\n\t\t<\/h2>\n\t\t\t\t<div class=\"elementor-post__meta-data\">\n\t\t\t\t\t<span class=\"elementor-post-date\">\n\t\t\t17 de maio de 2025\t\t<\/span>\n\t\t\t\t<\/div>\n\t\t\t\t<div class=\"elementor-post__excerpt\">\n\t\t\t<p>Nova York recebeu, nos dias 14 e 15 de maio, mais uma edi\u00e7\u00e3o do CITI ISO DATAGRO Sugar &amp; Ethanol<\/p>\n\t\t<\/div>\n\t\t\n\t\t<a class=\"elementor-post__read-more\" href=\"http:\/\/zevitor.com.br\/noticias\/2025\/05\/17\/ze-vitor-participa-de-conferencia-em-ny-que-discute-etanol-e-acucar-no-mercado-global\/\" aria-label=\"Read more about Z\u00e9 Vitor participa de confer\u00eancia em NY que discute etanol e a\u00e7ucar no mercado global\" tabindex=\"-1\" >\n\t\t\tVeja Mais\t\t<\/a>\n\n\t\t\t\t<\/div>\n\t\t\t\t<\/article>\n\t\t\t\t<article class=\"elementor-post elementor-grid-item post-3221 post type-post status-publish format-standard hentry category-informativos\">\n\t\t\t\t<div class=\"elementor-post__text\">\n\t\t\t\t<h2 class=\"elementor-post__title\">\n\t\t\t<a href=\"http:\/\/zevitor.com.br\/noticias\/2025\/05\/12\/ministerio-da-culturamincpublica-portaria-de-fomento-a-cultura-para-repasse-de-recursos-para-projetos-culturais\/\" >\n\t\t\t\tMinist\u00e9rio da Cultura(MINC)publica portaria de Fomento \u00e0 Cultura para REPASSE DE RECURSOS PARA PROJETOS CULTURAIS\t\t\t<\/a>\n\t\t<\/h2>\n\t\t\t\t<div class=\"elementor-post__meta-data\">\n\t\t\t\t\t<span class=\"elementor-post-date\">\n\t\t\t12 de maio de 2025\t\t<\/span>\n\t\t\t\t<\/div>\n\t\t\t\t<div class=\"elementor-post__excerpt\">\n\t\t\t<p>O Minist\u00e9rio da Cultura publicou a Portaria 200\/2025, com as diretrizes para solicitar recursos do segundo ciclo da Pol\u00edtica Nacional<\/p>\n\t\t<\/div>\n\t\t\n\t\t<a class=\"elementor-post__read-more\" href=\"http:\/\/zevitor.com.br\/noticias\/2025\/05\/12\/ministerio-da-culturamincpublica-portaria-de-fomento-a-cultura-para-repasse-de-recursos-para-projetos-culturais\/\" aria-label=\"Read more about Minist\u00e9rio da Cultura(MINC)publica portaria de Fomento \u00e0 Cultura para REPASSE DE RECURSOS PARA PROJETOS CULTURAIS\" tabindex=\"-1\" >\n\t\t\tVeja Mais\t\t<\/a>\n\n\t\t\t\t<\/div>\n\t\t\t\t<\/article>\n\t\t\t\t<\/div>\n\t\t\n\t\t\t\t<div class=\"e-load-more-anchor\" data-page=\"1\" data-max-page=\"40\" data-next-page=\"http:\/\/zevitor.com.br\/noticias\/wp-json\/wp\/v2\/pages\/3168\/page\/2\/\"><\/div>\n\t\t\t\t<nav class=\"elementor-pagination\" aria-label=\"Pagination\">\n\t\t\t<span aria-current=\"page\" class=\"page-numbers current\"><span class=\"elementor-screen-only\">Page<\/span>1<\/span>\n<a class=\"page-numbers\" href=\"http:\/\/zevitor.com.br\/noticias\/wp-json\/wp\/v2\/pages\/3168\/page\/2\/\"><span class=\"elementor-screen-only\">Page<\/span>2<\/a>\n<a class=\"page-numbers\" href=\"http:\/\/zevitor.com.br\/noticias\/wp-json\/wp\/v2\/pages\/3168\/page\/3\/\"><span class=\"elementor-screen-only\">Page<\/span>3<\/a>\n<span class=\"page-numbers dots\">&hellip;<\/span>\n<a class=\"page-numbers\" href=\"http:\/\/zevitor.com.br\/noticias\/wp-json\/wp\/v2\/pages\/3168\/page\/10\/\"><span class=\"elementor-screen-only\">Page<\/span>10<\/a>\t\t<\/nav>\n\t\t\t\t\t\t<\/div>\n\t\t\t\t<\/div>\n\t\t\t\t<\/div>\n\t\t\t\t\t<\/div>\n\t\t\t\t<\/div>\n\t\t\t\t<\/div>\n\t\t","protected":false},"excerpt":{"rendered":"","protected":false},"author":1,"featured_media":0,"parent":0,"menu_order":0,"comment_status":"closed","ping_status":"closed","template":"elementor_header_footer","meta":{"footnotes":""},"class_list":["post-3168","page","type-page","status-publish","hentry"],"_links":{"self":[{"href":"http:\/\/zevitor.com.br\/noticias\/wp-json\/wp\/v2\/pages\/3168","targetHints":{"allow":["GET"]}}],"collection":[{"href":"http:\/\/zevitor.com.br\/noticias\/wp-json\/wp\/v2\/pages"}],"about":[{"href":"http:\/\/zevitor.com.br\/noticias\/wp-json\/wp\/v2\/types\/page"}],"author":[{"embeddable":true,"href":"http:\/\/zevitor.com.br\/noticias\/wp-json\/wp\/v2\/users\/1"}],"replies":[{"embeddable":true,"href":"http:\/\/zevitor.com.br\/noticias\/wp-json\/wp\/v2\/comments?post=3168"}],"version-history":[{"count":4,"href":"http:\/\/zevitor.com.br\/noticias\/wp-json\/wp\/v2\/pages\/3168\/revisions"}],"predecessor-version":[{"id":3173,"href":"http:\/\/zevitor.com.br\/noticias\/wp-json\/wp\/v2\/pages\/3168\/revisions\/3173"}],"wp:attachment":[{"href":"http:\/\/zevitor.com.br\/noticias\/wp-json\/wp\/v2\/media?parent=3168"}],"curies":[{"name":"wp","href":"https:\/\/api.w.org\/{rel}","templated":true}]}}